{"id":3526,"date":"2025-10-14T23:18:58","date_gmt":"2025-10-14T23:18:58","guid":{"rendered":"https:\/\/www.altuslatam.org\/guatemala\/entremundos\/"},"modified":"2025-10-28T18:32:37","modified_gmt":"2025-10-28T18:32:37","slug":"entremundos","status":"publish","type":"page","link":"https:\/\/www.altuslatam.org\/en\/guatemala\/entremundos\/","title":{"rendered":"Entremundos"},"content":{"rendered":"\t\t<div data-elementor-type=\"wp-page\" data-elementor-id=\"3526\" class=\"elementor elementor-3526\">\n\t\t\t\t<div class=\"elementor-element elementor-element-ce60e12 e-flex e-con-boxed e-con e-parent\" data-id=\"ce60e12\" data-element_type=\"container\" data-settings=\"{&quot;background_background&quot;:&quot;classic&quot;}\">\n\t\t\t\t\t<div class=\"e-con-inner\">\n\t\t\t\t\t<\/div>\n\t\t\t\t<\/div>\n\t\t<div class=\"elementor-element elementor-element-555f8cf e-flex e-con-boxed e-con e-parent\" data-id=\"555f8cf\" data-element_type=\"container\" data-settings=\"{&quot;background_background&quot;:&quot;classic&quot;}\">\n\t\t\t\t\t<div class=\"e-con-inner\">\n\t\t\t\t<div class=\"elementor-element elementor-element-b9d6d5f elementor-widget elementor-widget-heading\" data-id=\"b9d6d5f\" data-element_type=\"widget\" data-widget_type=\"heading.default\">\n\t\t\t\t\t<h2 class=\"elementor-heading-title elementor-size-default\">Entremundos<\/h2>\t\t\t\t<\/div>\n\t\t\t\t\t<\/div>\n\t\t\t\t<\/div>\n\t\t<div class=\"elementor-element elementor-element-71b2972 e-flex e-con-boxed e-con e-parent\" data-id=\"71b2972\" data-element_type=\"container\">\n\t\t\t\t\t<div class=\"e-con-inner\">\n\t\t<div class=\"elementor-element elementor-element-80c75a0 e-con-full e-flex e-con e-child\" data-id=\"80c75a0\" data-element_type=\"container\">\n\t\t<div class=\"elementor-element elementor-element-1c6ba90 e-con-full e-flex e-con e-child\" data-id=\"1c6ba90\" data-element_type=\"container\">\n\t\t\t\t<div class=\"elementor-element elementor-element-831125f elementor-widget elementor-widget-image\" data-id=\"831125f\" data-element_type=\"widget\" data-widget_type=\"image.default\">\n\t\t\t\t\t\t\t\t\t\t\t\t\t\t\t<img fetchpriority=\"high\" decoding=\"async\" width=\"800\" height=\"534\" src=\"https:\/\/www.altuslatam.org\/wp-content\/uploads\/2025\/10\/entremundos-logo.jpg\" class=\"attachment-large size-large wp-image-1903\" alt=\"\" srcset=\"https:\/\/www.altuslatam.org\/wp-content\/uploads\/2025\/10\/entremundos-logo.jpg 1000w, https:\/\/www.altuslatam.org\/wp-content\/uploads\/2025\/10\/entremundos-logo-300x200.jpg 300w, https:\/\/www.altuslatam.org\/wp-content\/uploads\/2025\/10\/entremundos-logo-768x512.jpg 768w, https:\/\/www.altuslatam.org\/wp-content\/uploads\/2025\/10\/entremundos-logo-600x400.jpg 600w\" sizes=\"(max-width: 800px) 100vw, 800px\" \/>\t\t\t\t\t\t\t\t\t\t\t\t\t\t\t<\/div>\n\t\t\t\t<div class=\"elementor-element elementor-element-52343f7 elementor-widget elementor-widget-text-editor\" data-id=\"52343f7\" data-element_type=\"widget\" data-widget_type=\"text-editor.default\">\n\t\t\t\t\t\t\t\t\t<p>Asociaci\u00f3n Entremundos.<\/p>\t\t\t\t\t\t\t\t<\/div>\n\t\t\t\t<\/div>\n\t\t<div class=\"elementor-element elementor-element-a967dc8 e-con-full e-flex e-con e-child\" data-id=\"a967dc8\" data-element_type=\"container\">\n\t\t\t\t<div class=\"elementor-element elementor-element-5d84ad9 elementor-arrows-position-inside elementor-pagination-position-outside elementor-widget elementor-widget-image-carousel\" data-id=\"5d84ad9\" data-element_type=\"widget\" data-settings=\"{&quot;slides_to_show&quot;:&quot;1&quot;,&quot;navigation&quot;:&quot;both&quot;,&quot;autoplay&quot;:&quot;yes&quot;,&quot;pause_on_hover&quot;:&quot;yes&quot;,&quot;pause_on_interaction&quot;:&quot;yes&quot;,&quot;autoplay_speed&quot;:5000,&quot;infinite&quot;:&quot;yes&quot;,&quot;effect&quot;:&quot;slide&quot;,&quot;speed&quot;:500}\" data-widget_type=\"image-carousel.default\">\n\t\t\t\t\t\t\t<div class=\"elementor-image-carousel-wrapper swiper\" role=\"region\" aria-roledescription=\"carousel\" aria-label=\"Image Carousel\" dir=\"ltr\">\n\t\t\t<div class=\"elementor-image-carousel swiper-wrapper\" aria-live=\"off\">\n\t\t\t\t\t\t\t\t<div class=\"swiper-slide\" role=\"group\" aria-roledescription=\"slide\" aria-label=\"1 of 4\"><figure class=\"swiper-slide-inner\"><img decoding=\"async\" class=\"swiper-slide-image\" src=\"https:\/\/www.altuslatam.org\/wp-content\/uploads\/2025\/10\/entremundos-gallery-1.jpg\" alt=\"\" \/><\/figure><\/div><div class=\"swiper-slide\" role=\"group\" aria-roledescription=\"slide\" aria-label=\"2 of 4\"><figure class=\"swiper-slide-inner\"><img decoding=\"async\" class=\"swiper-slide-image\" src=\"https:\/\/www.altuslatam.org\/wp-content\/uploads\/2025\/10\/entremundos-gallery-2.jpg\" alt=\"\" \/><\/figure><\/div><div class=\"swiper-slide\" role=\"group\" aria-roledescription=\"slide\" aria-label=\"3 of 4\"><figure class=\"swiper-slide-inner\"><img decoding=\"async\" class=\"swiper-slide-image\" src=\"https:\/\/www.altuslatam.org\/wp-content\/uploads\/2025\/10\/entremundos-gallery-3.jpg\" alt=\"\" \/><\/figure><\/div><div class=\"swiper-slide\" role=\"group\" aria-roledescription=\"slide\" aria-label=\"4 of 4\"><figure class=\"swiper-slide-inner\"><img decoding=\"async\" class=\"swiper-slide-image\" src=\"https:\/\/www.altuslatam.org\/wp-content\/uploads\/2025\/10\/entremundos-gallery-4.jpg\" alt=\"\" \/><\/figure><\/div>\t\t\t<\/div>\n\t\t\t\t\t\t\t\t\t\t\t\t<div class=\"elementor-swiper-button elementor-swiper-button-prev\" role=\"button\" tabindex=\"0\">\n\t\t\t\t\t\t<svg aria-hidden=\"true\" class=\"e-font-icon-svg e-eicon-chevron-left\" viewBox=\"0 0 1000 1000\" xmlns=\"http:\/\/www.w3.org\/2000\/svg\"><path d=\"M646 125C629 125 613 133 604 142L308 442C296 454 292 471 292 487 292 504 296 521 308 533L604 854C617 867 629 875 646 875 663 875 679 871 692 858 704 846 713 829 713 812 713 796 708 779 692 767L438 487 692 225C700 217 708 204 708 187 708 171 704 154 692 142 675 129 663 125 646 125Z\"><\/path><\/svg>\t\t\t\t\t<\/div>\n\t\t\t\t\t<div class=\"elementor-swiper-button elementor-swiper-button-next\" role=\"button\" tabindex=\"0\">\n\t\t\t\t\t\t<svg aria-hidden=\"true\" class=\"e-font-icon-svg e-eicon-chevron-right\" viewBox=\"0 0 1000 1000\" xmlns=\"http:\/\/www.w3.org\/2000\/svg\"><path d=\"M696 533C708 521 713 504 713 487 713 471 708 454 696 446L400 146C388 133 375 125 354 125 338 125 325 129 313 142 300 154 292 171 292 187 292 204 296 221 308 233L563 492 304 771C292 783 288 800 288 817 288 833 296 850 308 863 321 871 338 875 354 875 371 875 388 867 400 854L696 533Z\"><\/path><\/svg>\t\t\t\t\t<\/div>\n\t\t\t\t\n\t\t\t\t\t\t\t\t\t<div class=\"swiper-pagination\"><\/div>\n\t\t\t\t\t\t\t\t\t<\/div>\n\t\t\t\t\t\t<\/div>\n\t\t\t\t<\/div>\n\t\t\t\t<\/div>\n\t\t<div class=\"elementor-element elementor-element-d79396f e-con-full e-flex e-con e-child\" data-id=\"d79396f\" data-element_type=\"container\">\n\t\t<div class=\"elementor-element elementor-element-403bab5 e-con-full e-flex e-con e-child\" data-id=\"403bab5\" data-element_type=\"container\" data-settings=\"{&quot;background_background&quot;:&quot;classic&quot;}\">\n\t\t\t\t<div class=\"elementor-element elementor-element-1e6ed92 elementor-widget elementor-widget-text-editor\" data-id=\"1e6ed92\" data-element_type=\"widget\" data-widget_type=\"text-editor.default\">\n\t\t\t\t\t\t\t\t\t<p><strong>Areas of Work:<\/strong><br \/>1. Training and Community Tourism Program.<br \/>2. Volunteer Program.<br \/>3. Communication Program.<\/p>\t\t\t\t\t\t\t\t<\/div>\n\t\t\t\t<\/div>\n\t\t\t\t<div class=\"elementor-element elementor-element-3c93d6c elementor-widget elementor-widget-text-editor\" data-id=\"3c93d6c\" data-element_type=\"widget\" data-widget_type=\"text-editor.default\">\n\t\t\t\t\t\t\t\t\t<p><b>Quantitative Data:<\/b> Between 2022 and 2024, the community tourism project was consolidated as a space for learning and collaboration. In addition to capacity building, volunteer support, and visibility, this project promotes exchange among local enterprises.<\/p><p><b>Achievements:<\/b><\/p><ol start=\"1\"><li><p>121 organizations participated throughout the execution of the project.<\/p><\/li><li><p>332 people were trained.<\/p><\/li><li><p>17 training processes were carried out.<\/p><\/li><li><p>147 women participated in the process.<\/p><\/li><li><p>62 volunteers supported the community tourism project.<\/p><\/li><li><p>Currently, through the project &#8220;Strengthening of community organizations for the development of responsible and sustainable tourism,&#8221; support is provided to organizations with the goal of improving and optimizing their organizational and tourism capacity.<\/p><\/li><\/ol><p>Within the framework of this 2025\u20132027 project, six organizations with a focus on community tourism in the Western Highlands (Altiplano Occidental) of Guatemala are being supported. They are:<\/p><ol start=\"1\"><li><p>Asociaci\u00f3n Maya de Peque\u00f1os Agricultores (Maya Small Farmers Association), Colomba Costa Cuca, Quetzaltenango.<\/p><\/li><li><p>Asociaci\u00f3n de Agricultores y Ecoturismo para el Desarrollo Integral Chic\u00faa (ASAEDICH) (Farmers and Ecotourism Association for Integral Development Chic\u00faa), Quetzaltenango.<\/p><\/li><li><p>Asociaci\u00f3n Parcialidad Caxaj (Caxaj Parciality Association), Totonicap\u00e1n.<\/p><\/li><li><p>Asociaci\u00f3n Sostenible para el Desarrollo Integral y Tur\u00edstico de Loma Linda (ASODILL) (Sustainable Association for the Integral and Touristic Development of Loma Linda), Loma Linda, El Palmar, Quetzaltenango.<\/p><\/li><li><p>Instituto Mesoamericano de Permacultura (IMAP) (Mesoamerican Permaculture Institute), San Lucas Tolim\u00e1n, Solol\u00e1.<\/p><\/li><li><p>Asociaci\u00f3n de Desarrollo Agroforestal Integral Sostenible (ADAFIS) (Sustainable Integral Agroforestry Development Association), Uni\u00f3n La Reforma, Sibinal, San Marcos.<\/p><\/li><\/ol><p><b>Services Offered:<\/b> The supported organizations offer the following tourism services:<\/p><ol start=\"1\"><li><p>Asociaci\u00f3n Maya de Peque\u00f1os Agricultores, Colomba Costa Cuca, Quetzaltenango. Promotes community historical tourism. Through the life stories of their members and events related to the guerrilla in Guatemala, they have created a museum within the farm, offer a coffee tour, and work on forest conservation, which includes a waterfall that is also a natural attraction.<\/p><\/li><li><p>Asociaci\u00f3n de Agricultores y Ecoturismo para el Desarrollo Integral Chic\u00faa (ASAEDICH), Quetzaltenango. Promotes ecotourism through the conservation of natural and cultural heritage in a territory considered a sacred place. Its main attraction is Cerro La Muela.<\/p><\/li><li><p>Asociaci\u00f3n Parcialidad Caxaj, Totonicap\u00e1n. Promotes the Caballo Blanco Ecological Park, a natural space that encompasses four hectares of coniferous forest. The park features hiking trails and viewpoints.<\/p><\/li><li><p>Asociaci\u00f3n Sostenible para el Desarrollo Integral y Tur\u00edstico de Loma Linda (ASODILL), Loma Linda, El Palmar, Quetzaltenango. Promotes community development through ecotourism, with a focus on biodiversity conservation in Loma Linda village. Its main tourist attractions include natural pools and waterfalls, a birdwatching route, areas for extreme sports, as well as tours from Loma Linda to the Chicabal Volcano lagoon.<\/p><\/li><li><p>Instituto Mesoamericano de Permacultura (IMAP), San Lucas Tolim\u00e1n, Solol\u00e1. Promotes sustainable tourism through its project &#8220;Santuario de las Aves&#8221; (Bird Sanctuary), a forest conservation zone. In this area, it is possible to spot the Slender Sheartail hummingbird, an emblematic species of the region.<\/p><\/li><li><p>Asociaci\u00f3n de Desarrollo Agroforestal Integral Sostenible (ADAFIS), Uni\u00f3n La Reforma, Sibinal, San Marcos. Promotes rural community and sustainable forest resource tourism in Uni\u00f3n Reforma, Sibinal, San Marcos. It is recognized as one of the best places for Horned Guan birdwatching. It features a viewpoint that offers impressive scenic views of the Tajumulco and Tacan\u00e1 volcanoes.<\/p><\/li><\/ol>\t\t\t\t\t\t\t\t<\/div>\n\t\t\t\t<div class=\"elementor-element elementor-element-9c6006c elementor-icon-list--layout-traditional elementor-list-item-link-full_width elementor-widget elementor-widget-icon-list\" data-id=\"9c6006c\" data-element_type=\"widget\" data-widget_type=\"icon-list.default\">\n\t\t\t\t\t\t\t<ul class=\"elementor-icon-list-items\">\n\t\t\t\t\t\t\t<li class=\"elementor-icon-list-item\">\n\t\t\t\t\t\t\t\t\t\t\t<span class=\"elementor-icon-list-icon\">\n\t\t\t\t\t\t\t<i aria-hidden=\"true\" class=\"icon icon-image\"><\/i>\t\t\t\t\t\t<\/span>\n\t\t\t\t\t\t\t\t\t\t<span class=\"elementor-icon-list-text\">Promotional Presentation:<\/span>\n\t\t\t\t\t\t\t\t\t<\/li>\n\t\t\t\t\t\t<\/ul>\n\t\t\t\t\t\t<\/div>\n\t\t\t\t<div class=\"elementor-element elementor-element-b622614 elementor-widget-divider--view-line elementor-widget elementor-widget-divider\" data-id=\"b622614\" data-element_type=\"widget\" data-widget_type=\"divider.default\">\n\t\t\t\t\t\t\t<div class=\"elementor-divider\">\n\t\t\t<span class=\"elementor-divider-separator\">\n\t\t\t\t\t\t<\/span>\n\t\t<\/div>\n\t\t\t\t\t\t<\/div>\n\t\t\t\t<div class=\"elementor-element elementor-element-6b07ec0 elementor-icon-list--layout-inline elementor-list-item-link-full_width elementor-widget elementor-widget-icon-list\" data-id=\"6b07ec0\" data-element_type=\"widget\" data-widget_type=\"icon-list.default\">\n\t\t\t\t\t\t\t<ul class=\"elementor-icon-list-items elementor-inline-items\">\n\t\t\t\t\t\t\t<li class=\"elementor-icon-list-item elementor-inline-item\">\n\t\t\t\t\t\t\t\t\t\t\t<a href=\"https:\/\/www.altuslatam.org\/wp-content\/uploads\/2025\/10\/ENTREMUNDOS-Guatemala.pdf\" target=\"_blank\">\n\n\t\t\t\t\t\t\t\t\t\t\t\t<span class=\"elementor-icon-list-icon\">\n\t\t\t\t\t\t\t<i aria-hidden=\"true\" class=\"icon icon-page_search\"><\/i>\t\t\t\t\t\t<\/span>\n\t\t\t\t\t\t\t\t\t\t<span class=\"elementor-icon-list-text\"><strong>View PDF<\/strong> (Click Here)<\/span>\n\t\t\t\t\t\t\t\t\t\t\t<\/a>\n\t\t\t\t\t\t\t\t\t<\/li>\n\t\t\t\t\t\t<\/ul>\n\t\t\t\t\t\t<\/div>\n\t\t\t\t<div class=\"elementor-element elementor-element-98977a9 elementor-icon-list--layout-traditional elementor-list-item-link-full_width elementor-widget elementor-widget-icon-list\" data-id=\"98977a9\" data-element_type=\"widget\" data-widget_type=\"icon-list.default\">\n\t\t\t\t\t\t\t<ul class=\"elementor-icon-list-items\">\n\t\t\t\t\t\t\t<li class=\"elementor-icon-list-item\">\n\t\t\t\t\t\t\t\t\t\t\t<span class=\"elementor-icon-list-icon\">\n\t\t\t\t\t\t\t<i aria-hidden=\"true\" class=\"icon icon-information\"><\/i>\t\t\t\t\t\t<\/span>\n\t\t\t\t\t\t\t\t\t\t<span class=\"elementor-icon-list-text\">Contact Information:<\/span>\n\t\t\t\t\t\t\t\t\t<\/li>\n\t\t\t\t\t\t<\/ul>\n\t\t\t\t\t\t<\/div>\n\t\t\t\t<div class=\"elementor-element elementor-element-5a0179a elementor-widget-divider--view-line elementor-widget elementor-widget-divider\" data-id=\"5a0179a\" data-element_type=\"widget\" data-widget_type=\"divider.default\">\n\t\t\t\t\t\t\t<div class=\"elementor-divider\">\n\t\t\t<span class=\"elementor-divider-separator\">\n\t\t\t\t\t\t<\/span>\n\t\t<\/div>\n\t\t\t\t\t\t<\/div>\n\t\t\t\t<div class=\"elementor-element elementor-element-dc7dc7b elementor-icon-list--layout-inline elementor-list-item-link-full_width elementor-widget elementor-widget-icon-list\" data-id=\"dc7dc7b\" data-element_type=\"widget\" data-widget_type=\"icon-list.default\">\n\t\t\t\t\t\t\t<ul class=\"elementor-icon-list-items elementor-inline-items\">\n\t\t\t\t\t\t\t<li class=\"elementor-icon-list-item elementor-inline-item\">\n\t\t\t\t\t\t\t\t\t\t\t<span class=\"elementor-icon-list-icon\">\n\t\t\t\t\t\t\t<i aria-hidden=\"true\" class=\"icon icon-Profile\"><\/i>\t\t\t\t\t\t<\/span>\n\t\t\t\t\t\t\t\t\t\t<span class=\"elementor-icon-list-text\"><strong>Mar\u00eda Recinos<\/strong> <\/span>\n\t\t\t\t\t\t\t\t\t<\/li>\n\t\t\t\t\t\t\t\t<li class=\"elementor-icon-list-item elementor-inline-item\">\n\t\t\t\t\t\t\t\t\t\t\t<a href=\"mailto:turismocomunitario@entremundos.org\">\n\n\t\t\t\t\t\t\t\t\t\t\t\t<span class=\"elementor-icon-list-icon\">\n\t\t\t\t\t\t\t<i aria-hidden=\"true\" class=\"icon icon-envelope1\"><\/i>\t\t\t\t\t\t<\/span>\n\t\t\t\t\t\t\t\t\t\t<span class=\"elementor-icon-list-text\">E-mail<\/span>\n\t\t\t\t\t\t\t\t\t\t\t<\/a>\n\t\t\t\t\t\t\t\t\t<\/li>\n\t\t\t\t\t\t\t\t<li class=\"elementor-icon-list-item elementor-inline-item\">\n\t\t\t\t\t\t\t\t\t\t\t<a href=\"https:\/\/www.entremundos.org\" target=\"_blank\">\n\n\t\t\t\t\t\t\t\t\t\t\t\t<span class=\"elementor-icon-list-icon\">\n\t\t\t\t\t\t\t<i aria-hidden=\"true\" class=\"icon icon-globe\"><\/i>\t\t\t\t\t\t<\/span>\n\t\t\t\t\t\t\t\t\t\t<span class=\"elementor-icon-list-text\">Website<\/span>\n\t\t\t\t\t\t\t\t\t\t\t<\/a>\n\t\t\t\t\t\t\t\t\t<\/li>\n\t\t\t\t\t\t\t\t<li class=\"elementor-icon-list-item elementor-inline-item\">\n\t\t\t\t\t\t\t\t\t\t\t<a href=\"https:\/\/www.instagram.com\/entremundos_guatemala\/\" target=\"_blank\">\n\n\t\t\t\t\t\t\t\t\t\t\t\t<span class=\"elementor-icon-list-icon\">\n\t\t\t\t\t\t\t<i aria-hidden=\"true\" class=\"icon icon-instagram-2\"><\/i>\t\t\t\t\t\t<\/span>\n\t\t\t\t\t\t\t\t\t\t<span class=\"elementor-icon-list-text\">Instagram<\/span>\n\t\t\t\t\t\t\t\t\t\t\t<\/a>\n\t\t\t\t\t\t\t\t\t<\/li>\n\t\t\t\t\t\t\t\t<li class=\"elementor-icon-list-item elementor-inline-item\">\n\t\t\t\t\t\t\t\t\t\t\t<a href=\"https:\/\/www.facebook.com\/EntremundosGuatemala\/\" target=\"_blank\">\n\n\t\t\t\t\t\t\t\t\t\t\t\t<span class=\"elementor-icon-list-icon\">\n\t\t\t\t\t\t\t<i aria-hidden=\"true\" class=\"icon icon-facebook-1\"><\/i>\t\t\t\t\t\t<\/span>\n\t\t\t\t\t\t\t\t\t\t<span class=\"elementor-icon-list-text\">Facebook<\/span>\n\t\t\t\t\t\t\t\t\t\t\t<\/a>\n\t\t\t\t\t\t\t\t\t<\/li>\n\t\t\t\t\t\t<\/ul>\n\t\t\t\t\t\t<\/div>\n\t\t\t\t<\/div>\n\t\t\t\t\t<\/div>\n\t\t\t\t<\/div>\n\t\t\t\t<\/div>\n\t\t","protected":false},"excerpt":{"rendered":"<p>Entremundos Asociaci\u00f3n Entremundos. Areas of Work:1. Training and Community Tourism Program.2. Volunteer Program.3. Communication Program. Quantitative Data: Between 2022 and 2024, the community tourism project was consolidated as a space for learning and collaboration. In addition to capacity building, volunteer support, and visibility, this project promotes exchange among local enterprises. Achievements: 121 organizations participated throughout [&hellip;]<\/p>\n","protected":false},"author":1,"featured_media":0,"parent":3471,"menu_order":0,"comment_status":"closed","ping_status":"closed","template":"","meta":{"footnotes":""},"class_list":["post-3526","page","type-page","status-publish","hentry"],"_links":{"self":[{"href":"https:\/\/www.altuslatam.org\/en\/wp-json\/wp\/v2\/pages\/3526","targetHints":{"allow":["GET"]}}],"collection":[{"href":"https:\/\/www.altuslatam.org\/en\/wp-json\/wp\/v2\/pages"}],"about":[{"href":"https:\/\/www.altuslatam.org\/en\/wp-json\/wp\/v2\/types\/page"}],"author":[{"embeddable":true,"href":"https:\/\/www.altuslatam.org\/en\/wp-json\/wp\/v2\/users\/1"}],"replies":[{"embeddable":true,"href":"https:\/\/www.altuslatam.org\/en\/wp-json\/wp\/v2\/comments?post=3526"}],"version-history":[{"count":6,"href":"https:\/\/www.altuslatam.org\/en\/wp-json\/wp\/v2\/pages\/3526\/revisions"}],"predecessor-version":[{"id":3970,"href":"https:\/\/www.altuslatam.org\/en\/wp-json\/wp\/v2\/pages\/3526\/revisions\/3970"}],"up":[{"embeddable":true,"href":"https:\/\/www.altuslatam.org\/en\/wp-json\/wp\/v2\/pages\/3471"}],"wp:attachment":[{"href":"https:\/\/www.altuslatam.org\/en\/wp-json\/wp\/v2\/media?parent=3526"}],"curies":[{"name":"wp","href":"https:\/\/api.w.org\/{rel}","templated":true}]}}