{"id":3368,"date":"2025-10-08T17:28:32","date_gmt":"2025-10-08T17:28:32","guid":{"rendered":"https:\/\/www.altuslatam.org\/gobernanza-altus\/"},"modified":"2025-10-31T17:54:01","modified_gmt":"2025-10-31T17:54:01","slug":"altus-governance","status":"publish","type":"page","link":"https:\/\/www.altuslatam.org\/en\/altus-governance\/","title":{"rendered":"ALTUS Governance"},"content":{"rendered":"\t\t<div data-elementor-type=\"wp-page\" data-elementor-id=\"3368\" class=\"elementor elementor-3368\">\n\t\t\t\t<div class=\"elementor-element elementor-element-ce60e12 e-flex e-con-boxed e-con e-parent\" data-id=\"ce60e12\" data-element_type=\"container\" data-settings=\"{&quot;background_background&quot;:&quot;classic&quot;}\">\n\t\t\t\t\t<div class=\"e-con-inner\">\n\t\t\t\t\t<\/div>\n\t\t\t\t<\/div>\n\t\t<div class=\"elementor-element elementor-element-71b2972 e-flex e-con-boxed e-con e-parent\" data-id=\"71b2972\" data-element_type=\"container\">\n\t\t\t\t\t<div class=\"e-con-inner\">\n\t\t<div class=\"elementor-element elementor-element-80c75a0 e-con-full e-flex e-con e-child\" data-id=\"80c75a0\" data-element_type=\"container\">\n\t\t\t\t<div class=\"elementor-element elementor-element-a432850 elementor-widget elementor-widget-heading\" data-id=\"a432850\" data-element_type=\"widget\" data-widget_type=\"heading.default\">\n\t\t\t\t\t<h2 class=\"elementor-heading-title elementor-size-default\">ALTUS Governance<\/h2>\t\t\t\t<\/div>\n\t\t\t\t<div class=\"elementor-element elementor-element-201d9a5 elementor-widget-divider--view-line elementor-widget elementor-widget-divider\" data-id=\"201d9a5\" data-element_type=\"widget\" data-widget_type=\"divider.default\">\n\t\t\t\t\t\t\t<div class=\"elementor-divider\">\n\t\t\t<span class=\"elementor-divider-separator\">\n\t\t\t\t\t\t<\/span>\n\t\t<\/div>\n\t\t\t\t\t\t<\/div>\n\t\t\t\t<div class=\"elementor-element elementor-element-08cd532 elementor-widget elementor-widget-spacer\" data-id=\"08cd532\" data-element_type=\"widget\" data-widget_type=\"spacer.default\">\n\t\t\t\t\t\t\t<div class=\"elementor-spacer\">\n\t\t\t<div class=\"elementor-spacer-inner\"><\/div>\n\t\t<\/div>\n\t\t\t\t\t\t<\/div>\n\t\t\t\t<div class=\"elementor-element elementor-element-e7bd1a0 elementor-arrows-position-inside elementor-pagination-position-outside elementor-widget elementor-widget-image-carousel\" data-id=\"e7bd1a0\" data-element_type=\"widget\" data-settings=\"{&quot;slides_to_show&quot;:&quot;3&quot;,&quot;slides_to_scroll&quot;:&quot;1&quot;,&quot;image_spacing_custom&quot;:{&quot;unit&quot;:&quot;px&quot;,&quot;size&quot;:10,&quot;sizes&quot;:[]},&quot;navigation&quot;:&quot;both&quot;,&quot;autoplay&quot;:&quot;yes&quot;,&quot;pause_on_hover&quot;:&quot;yes&quot;,&quot;pause_on_interaction&quot;:&quot;yes&quot;,&quot;autoplay_speed&quot;:5000,&quot;infinite&quot;:&quot;yes&quot;,&quot;speed&quot;:500,&quot;image_spacing_custom_tablet&quot;:{&quot;unit&quot;:&quot;px&quot;,&quot;size&quot;:&quot;&quot;,&quot;sizes&quot;:[]},&quot;image_spacing_custom_mobile&quot;:{&quot;unit&quot;:&quot;px&quot;,&quot;size&quot;:&quot;&quot;,&quot;sizes&quot;:[]}}\" data-widget_type=\"image-carousel.default\">\n\t\t\t\t\t\t\t<div class=\"elementor-image-carousel-wrapper swiper\" role=\"region\" aria-roledescription=\"carousel\" aria-label=\"Carrusel de im\u00e1genes\" dir=\"ltr\">\n\t\t\t<div class=\"elementor-image-carousel swiper-wrapper\" aria-live=\"off\">\n\t\t\t\t\t\t\t\t<div class=\"swiper-slide\" role=\"group\" aria-roledescription=\"slide\" aria-label=\"1 of 5\"><figure class=\"swiper-slide-inner\"><img decoding=\"async\" class=\"swiper-slide-image\" src=\"https:\/\/www.altuslatam.org\/wp-content\/uploads\/2025\/10\/fundacion-agua-y-tierra-gallery-5-1.jpg\" alt=\"fundacion-agua-y-tierra-gallery-5.jpg\" \/><\/figure><\/div><div class=\"swiper-slide\" role=\"group\" aria-roledescription=\"slide\" aria-label=\"2 of 5\"><figure class=\"swiper-slide-inner\"><img decoding=\"async\" class=\"swiper-slide-image\" src=\"https:\/\/www.altuslatam.org\/wp-content\/uploads\/2025\/10\/corpocaminos-galeria-2-1.jpg\" alt=\"corpocaminos-galeria-2.jpg\" \/><\/figure><\/div><div class=\"swiper-slide\" role=\"group\" aria-roledescription=\"slide\" aria-label=\"3 of 5\"><figure class=\"swiper-slide-inner\"><img decoding=\"async\" class=\"swiper-slide-image\" src=\"https:\/\/www.altuslatam.org\/wp-content\/uploads\/2025\/10\/corpocaminos-galeria-4-1.jpg\" alt=\"corpocaminos-galeria-4.jpg\" \/><\/figure><\/div><div class=\"swiper-slide\" role=\"group\" aria-roledescription=\"slide\" aria-label=\"4 of 5\"><figure class=\"swiper-slide-inner\"><img decoding=\"async\" class=\"swiper-slide-image\" src=\"https:\/\/www.altuslatam.org\/wp-content\/uploads\/2025\/10\/pakarinan-gallery-8-1.jpg\" alt=\"pakarinan-gallery-8.jpg\" \/><\/figure><\/div><div class=\"swiper-slide\" role=\"group\" aria-roledescription=\"slide\" aria-label=\"5 of 5\"><figure class=\"swiper-slide-inner\"><img decoding=\"async\" class=\"swiper-slide-image\" src=\"https:\/\/www.altuslatam.org\/wp-content\/uploads\/2025\/10\/fondo-comunitario-guanacaste-gallery-1-1.jpg\" alt=\"fondo-comunitario-guanacaste-gallery-1.jpg\" \/><\/figure><\/div>\t\t\t<\/div>\n\t\t\t\t\t\t\t\t\t\t\t\t<div class=\"elementor-swiper-button elementor-swiper-button-prev\" role=\"button\" tabindex=\"0\">\n\t\t\t\t\t\t<svg aria-hidden=\"true\" class=\"e-font-icon-svg e-eicon-chevron-left\" viewBox=\"0 0 1000 1000\" xmlns=\"http:\/\/www.w3.org\/2000\/svg\"><path d=\"M646 125C629 125 613 133 604 142L308 442C296 454 292 471 292 487 292 504 296 521 308 533L604 854C617 867 629 875 646 875 663 875 679 871 692 858 704 846 713 829 713 812 713 796 708 779 692 767L438 487 692 225C700 217 708 204 708 187 708 171 704 154 692 142 675 129 663 125 646 125Z\"><\/path><\/svg>\t\t\t\t\t<\/div>\n\t\t\t\t\t<div class=\"elementor-swiper-button elementor-swiper-button-next\" role=\"button\" tabindex=\"0\">\n\t\t\t\t\t\t<svg aria-hidden=\"true\" class=\"e-font-icon-svg e-eicon-chevron-right\" viewBox=\"0 0 1000 1000\" xmlns=\"http:\/\/www.w3.org\/2000\/svg\"><path d=\"M696 533C708 521 713 504 713 487 713 471 708 454 696 446L400 146C388 133 375 125 354 125 338 125 325 129 313 142 300 154 292 171 292 187 292 204 296 221 308 233L563 492 304 771C292 783 288 800 288 817 288 833 296 850 308 863 321 871 338 875 354 875 371 875 388 867 400 854L696 533Z\"><\/path><\/svg>\t\t\t\t\t<\/div>\n\t\t\t\t\n\t\t\t\t\t\t\t\t\t<div class=\"swiper-pagination\"><\/div>\n\t\t\t\t\t\t\t\t\t<\/div>\n\t\t\t\t\t\t<\/div>\n\t\t\t\t<div class=\"elementor-element elementor-element-f8dd820 elementor-widget elementor-widget-spacer\" data-id=\"f8dd820\" data-element_type=\"widget\" data-widget_type=\"spacer.default\">\n\t\t\t\t\t\t\t<div class=\"elementor-spacer\">\n\t\t\t<div class=\"elementor-spacer-inner\"><\/div>\n\t\t<\/div>\n\t\t\t\t\t\t<\/div>\n\t\t\t\t<div class=\"elementor-element elementor-element-b377408 elementor-widget elementor-widget-text-editor\" data-id=\"b377408\" data-element_type=\"widget\" data-widget_type=\"text-editor.default\">\n\t\t\t\t\t\t\t\t\t<p>The organizational structure of <strong>ALTUS<\/strong> is composed of the following bodies:<br \/><strong>i.<\/strong> The General Assembly.<br \/><strong>ii.<\/strong> The Board of Directors and the Supervisory Board.<br \/><strong>iii.<\/strong> The Node Coordinators.<br \/><strong>iv.<\/strong> The representatives of each country.<\/p>\t\t\t\t\t\t\t\t<\/div>\n\t\t\t\t<div class=\"elementor-element elementor-element-7b34bc0 elementor-widget elementor-widget-image\" data-id=\"7b34bc0\" data-element_type=\"widget\" data-widget_type=\"image.default\">\n\t\t\t\t\t\t\t\t\t\t\t\t\t\t\t<img fetchpriority=\"high\" decoding=\"async\" width=\"1263\" height=\"499\" src=\"https:\/\/www.altuslatam.org\/wp-content\/uploads\/2025\/10\/governance-graphic.png\" class=\"attachment-full size-full wp-image-3586\" alt=\"\" srcset=\"https:\/\/www.altuslatam.org\/wp-content\/uploads\/2025\/10\/governance-graphic.png 1263w, https:\/\/www.altuslatam.org\/wp-content\/uploads\/2025\/10\/governance-graphic-300x119.png 300w, https:\/\/www.altuslatam.org\/wp-content\/uploads\/2025\/10\/governance-graphic-1024x405.png 1024w, https:\/\/www.altuslatam.org\/wp-content\/uploads\/2025\/10\/governance-graphic-768x303.png 768w, https:\/\/www.altuslatam.org\/wp-content\/uploads\/2025\/10\/governance-graphic-600x237.png 600w\" sizes=\"(max-width: 1263px) 100vw, 1263px\" \/>\t\t\t\t\t\t\t\t\t\t\t\t\t\t\t<\/div>\n\t\t\t\t<\/div>\n\t\t<div class=\"elementor-element elementor-element-536fdbb e-con-full e-flex e-con e-child\" data-id=\"536fdbb\" data-element_type=\"container\">\n\t\t\t\t<div class=\"elementor-element elementor-element-73b0d93 elementor-widget elementor-widget-spacer\" data-id=\"73b0d93\" data-element_type=\"widget\" data-widget_type=\"spacer.default\">\n\t\t\t\t\t\t\t<div class=\"elementor-spacer\">\n\t\t\t<div class=\"elementor-spacer-inner\"><\/div>\n\t\t<\/div>\n\t\t\t\t\t\t<\/div>\n\t\t\t\t<div class=\"elementor-element elementor-element-dc3be7a elementor-widget elementor-widget-heading\" data-id=\"dc3be7a\" data-element_type=\"widget\" data-widget_type=\"heading.default\">\n\t\t\t\t\t<h2 class=\"elementor-heading-title elementor-size-default\">Regional Nodes<\/h2>\t\t\t\t<\/div>\n\t\t\t\t<div class=\"elementor-element elementor-element-5b858d4 elementor-widget elementor-widget-text-editor\" data-id=\"5b858d4\" data-element_type=\"widget\" data-widget_type=\"text-editor.default\">\n\t\t\t\t\t\t\t\t\t<strong>ALTUS<\/strong> has decided to organize itself on a regional territorial basis as follows:\t\t\t\t\t\t\t\t<\/div>\n\t\t<div class=\"elementor-element elementor-element-49c59f7 e-con-full e-flex e-con e-child\" data-id=\"49c59f7\" data-element_type=\"container\">\n\t\t<div class=\"elementor-element elementor-element-2f8af5e e-con-full e-flex e-con e-child\" data-id=\"2f8af5e\" data-element_type=\"container\" data-settings=\"{&quot;background_background&quot;:&quot;classic&quot;}\">\n\t\t\t\t<div class=\"elementor-element elementor-element-5572960 elementor-widget elementor-widget-text-editor\" data-id=\"5572960\" data-element_type=\"widget\" data-widget_type=\"text-editor.default\">\n\t\t\t\t\t\t\t\t\t<h3 style=\"text-align: center;\"><strong>Node A:<\/strong><\/h3>\n<ul> \n<li style=\"text-align: left;\">Mexico<\/li> \n<li style=\"text-align: left;\">Guatemala<\/li> \n<li style=\"text-align: left;\">Belize<\/li>\n<\/ul>\t\t\t\t\t\t\t\t<\/div>\n\t\t<div class=\"elementor-element elementor-element-e6bd9d7 e-con-full e-flex e-con e-child\" data-id=\"e6bd9d7\" data-element_type=\"container\" data-settings=\"{&quot;background_background&quot;:&quot;classic&quot;}\">\n\t\t\t\t<div class=\"elementor-element elementor-element-b628f58 elementor-widget elementor-widget-text-editor\" data-id=\"b628f58\" data-element_type=\"widget\" data-widget_type=\"text-editor.default\">\n\t\t\t\t\t\t\t\t\t<strong>Node Coordinator:\n<\/strong>Marlon Calder\u00f3n from Viva Atitl\u00e1n, Guatemala.\t\t\t\t\t\t\t\t<\/div>\n\t\t\t\t<\/div>\n\t\t\t\t<\/div>\n\t\t<div class=\"elementor-element elementor-element-f4ec7ff e-con-full e-flex e-con e-child\" data-id=\"f4ec7ff\" data-element_type=\"container\" data-settings=\"{&quot;background_background&quot;:&quot;classic&quot;}\">\n\t\t\t\t<div class=\"elementor-element elementor-element-3f7b917 elementor-widget elementor-widget-text-editor\" data-id=\"3f7b917\" data-element_type=\"widget\" data-widget_type=\"text-editor.default\">\n\t\t\t\t\t\t\t\t\t<h3 style=\"text-align: center;\"><strong>Node B:<\/strong><\/h3>\n<ul> \n<li style=\"text-align: left;\">Honduras<\/li> \n<li style=\"text-align: left;\">Salvador<\/li> \n<li style=\"text-align: left;\">Costa Rica<\/li>\n<\/ul>\t\t\t\t\t\t\t\t<\/div>\n\t\t<div class=\"elementor-element elementor-element-0f5ad41 e-con-full e-flex e-con e-child\" data-id=\"0f5ad41\" data-element_type=\"container\" data-settings=\"{&quot;background_background&quot;:&quot;classic&quot;}\">\n\t\t\t\t<div class=\"elementor-element elementor-element-7706594 elementor-widget elementor-widget-text-editor\" data-id=\"7706594\" data-element_type=\"widget\" data-widget_type=\"text-editor.default\">\n\t\t\t\t\t\t\t\t\t<strong>Node Coordinator:\n<\/strong>Efra\u00edn D\u00edaz ESMAG &#8211; El Pino, Honduras.\t\t\t\t\t\t\t\t<\/div>\n\t\t\t\t<\/div>\n\t\t\t\t<\/div>\n\t\t<div class=\"elementor-element elementor-element-de62486 e-con-full e-flex e-con e-child\" data-id=\"de62486\" data-element_type=\"container\" data-settings=\"{&quot;background_background&quot;:&quot;classic&quot;}\">\n\t\t\t\t<div class=\"elementor-element elementor-element-29b3313 elementor-widget elementor-widget-text-editor\" data-id=\"29b3313\" data-element_type=\"widget\" data-widget_type=\"text-editor.default\">\n\t\t\t\t\t\t\t\t\t<h3 style=\"text-align: center;\"><strong>Node C:<\/strong><\/h3><ul><li style=\"text-align: left;\">Panam\u00e1<\/li><li style=\"text-align: left;\">Colombia<\/li><li style=\"text-align: left;\">Ecuador<\/li><\/ul>\t\t\t\t\t\t\t\t<\/div>\n\t\t<div class=\"elementor-element elementor-element-8e07721 e-con-full e-flex e-con e-child\" data-id=\"8e07721\" data-element_type=\"container\" data-settings=\"{&quot;background_background&quot;:&quot;classic&quot;}\">\n\t\t\t\t<div class=\"elementor-element elementor-element-186067f elementor-widget elementor-widget-text-editor\" data-id=\"186067f\" data-element_type=\"widget\" data-widget_type=\"text-editor.default\">\n\t\t\t\t\t\t\t\t\t<strong>Node Coordinator:\n<\/strong>Andrea Almeida FECD, Ecuador.\t\t\t\t\t\t\t\t<\/div>\n\t\t\t\t<\/div>\n\t\t\t\t<\/div>\n\t\t<div class=\"elementor-element elementor-element-06936ef e-con-full e-flex e-con e-child\" data-id=\"06936ef\" data-element_type=\"container\" data-settings=\"{&quot;background_background&quot;:&quot;classic&quot;}\">\n\t\t\t\t<div class=\"elementor-element elementor-element-1bfa658 elementor-widget elementor-widget-text-editor\" data-id=\"1bfa658\" data-element_type=\"widget\" data-widget_type=\"text-editor.default\">\n\t\t\t\t\t\t\t\t\t<h3 style=\"text-align: center;\"><strong>Node D:<\/strong><\/h3><ul><li style=\"text-align: left;\">Bolivia<\/li><li style=\"text-align: left;\">Paraguay<\/li><li style=\"text-align: left;\">Brasil<\/li><\/ul>\t\t\t\t\t\t\t\t<\/div>\n\t\t<div class=\"elementor-element elementor-element-abbd0dc e-con-full e-flex e-con e-child\" data-id=\"abbd0dc\" data-element_type=\"container\" data-settings=\"{&quot;background_background&quot;:&quot;classic&quot;}\">\n\t\t\t\t<div class=\"elementor-element elementor-element-4b312e6 elementor-widget elementor-widget-text-editor\" data-id=\"4b312e6\" data-element_type=\"widget\" data-widget_type=\"text-editor.default\">\n\t\t\t\t\t\t\t\t\t<strong>Node Coordinator:\n<\/strong>Ruth Delgado from OPADES, Paraguay.\t\t\t\t\t\t\t\t<\/div>\n\t\t\t\t<\/div>\n\t\t\t\t<\/div>\n\t\t\t\t<\/div>\n\t\t\t\t<\/div>\n\t\t<div class=\"elementor-element elementor-element-42826bd e-con-full e-flex e-con e-child\" data-id=\"42826bd\" data-element_type=\"container\">\n\t\t\t\t<div class=\"elementor-element elementor-element-277181b elementor-widget elementor-widget-spacer\" data-id=\"277181b\" data-element_type=\"widget\" data-widget_type=\"spacer.default\">\n\t\t\t\t\t\t\t<div class=\"elementor-spacer\">\n\t\t\t<div class=\"elementor-spacer-inner\"><\/div>\n\t\t<\/div>\n\t\t\t\t\t\t<\/div>\n\t\t\t\t<div class=\"elementor-element elementor-element-92a9588 e-n-tabs-mobile elementor-widget elementor-widget-n-tabs\" data-id=\"92a9588\" data-element_type=\"widget\" data-settings=\"{&quot;horizontal_scroll&quot;:&quot;disable&quot;}\" data-widget_type=\"nested-tabs.default\">\n\t\t\t\t\t\t\t<div class=\"e-n-tabs\" data-widget-number=\"153785736\" aria-label=\"Tabs. Open items with Enter or Space, close with Escape and navigate using the Arrow keys.\">\n\t\t\t<div class=\"e-n-tabs-heading\" role=\"tablist\">\n\t\t\t\t\t<button id=\"e-n-tab-title-1537857361\" class=\"e-n-tab-title\" aria-selected=\"true\" data-tab-index=\"1\" role=\"tab\" tabindex=\"0\" aria-controls=\"e-n-tab-content-1537857361\" style=\"--n-tabs-title-order: 1;\">\n\t\t\t\t\t\t<span class=\"e-n-tab-title-text\">\n\t\t\t\tBoard of Directors\t\t\t<\/span>\n\t\t<\/button>\n\t\t\t\t<button id=\"e-n-tab-title-1537857362\" class=\"e-n-tab-title\" aria-selected=\"false\" data-tab-index=\"2\" role=\"tab\" tabindex=\"-1\" aria-controls=\"e-n-tab-content-1537857362\" style=\"--n-tabs-title-order: 2;\">\n\t\t\t\t\t\t<span class=\"e-n-tab-title-text\">\n\t\t\t\tCountry Coordinators\t\t\t<\/span>\n\t\t<\/button>\n\t\t\t\t\t<\/div>\n\t\t\t<div class=\"e-n-tabs-content\">\n\t\t\t\t<div id=\"e-n-tab-content-1537857361\" role=\"tabpanel\" aria-labelledby=\"e-n-tab-title-1537857361\" data-tab-index=\"1\" style=\"--n-tabs-title-order: 1;\" class=\"e-active elementor-element elementor-element-f54c81e e-con-full e-flex e-con e-child\" data-id=\"f54c81e\" data-element_type=\"container\">\n\t\t\t\t<div class=\"elementor-element elementor-element-d5ecc9a elementor-widget elementor-widget-text-editor\" data-id=\"d5ecc9a\" data-element_type=\"widget\" data-widget_type=\"text-editor.default\">\n\t\t\t\t\t\t\t\t\t<strong>ALTUS<\/strong> has decided to organize itself on a regional territorial basis as follows:\t\t\t\t\t\t\t\t<\/div>\n\t\t\t\t<div class=\"elementor-element elementor-element-c700e4b elementor-widget elementor-widget-tablepress-table\" data-id=\"c700e4b\" data-element_type=\"widget\" data-widget_type=\"tablepress-table.default\">\n\t\t\t\t\t\n<table id=\"tablepress-3\" class=\"tablepress tablepress-id-3\">\n<thead>\n<tr class=\"row-1\">\n\t<th class=\"column-1\">Position<\/th><th class=\"column-2\">Name<\/th><th class=\"column-3\">Organization<\/th><th class=\"column-4\">Email<\/th>\n<\/tr>\n<\/thead>\n<tbody class=\"row-striping row-hover\">\n<tr class=\"row-2\">\n\t<td class=\"column-1\"><b>President<\/b><\/td><td class=\"column-2\">Andrea Almeida<\/td><td class=\"column-3\">Fideicomiso Ecuatoriano de Cooperaci\u00f3n para el Desarrollo FECD -Ecuador<\/td><td class=\"column-4\">aalmeida@fecd.org.ec<a href=\"mailto:aalmeida@fecd.org.ec\"><\/a><\/td>\n<\/tr>\n<tr class=\"row-3\">\n\t<td class=\"column-1\"><b>Vice President<\/b><\/td><td class=\"column-2\">Jacinto Rodr\u00edguez<\/td><td class=\"column-3\">Fundaci\u00f3n Agua y Tierra-Panam\u00e1<\/td><td class=\"column-4\">fundatpanama@gmail.com<a href=\"mailto:fundatpanama@gmail.com\"><\/a><\/td>\n<\/tr>\n<tr class=\"row-4\">\n\t<td class=\"column-1\"><b>Treasurer<\/b><\/td><td class=\"column-2\">Ruth Delgado<\/td><td class=\"column-3\">Organizaci\u00f3n Paraguaya de Conservaci\u00f3n y Desarrollo Sostenible OPADES -Paraguay<\/td><td class=\"column-4\">direccion.ejecutiva@opades.org.py<a href=\"mailto:direccion.ejecutiva@opades.org.py\"><\/a><\/td>\n<\/tr>\n<tr class=\"row-5\">\n\t<td class=\"column-1\"><b>Secretary<\/b><\/td><td class=\"column-2\">Marlon Calder\u00f3n<\/td><td class=\"column-3\">Viva Atitl\u00e1n -Guatemala<\/td><td class=\"column-4\">gerencia@vivaatitlan.com<a href=\"mailto:gerencia@vivaatitlan.com\"><\/a><\/td>\n<\/tr>\n<tr class=\"row-6\">\n\t<td class=\"column-1\"><b>Vocal 1<\/b><\/td><td class=\"column-2\">Efra\u00edn Cuellar<\/td><td class=\"column-3\">Empresa de Servicios M\u00faltiples Artesanos y Gu\u00edas de El Pino.<\/td><td class=\"column-4\">e.cuellar.elpino@gmail.com<a href=\"mailto:e.cuellar.elpino@gmail.com\"><\/a><\/td>\n<\/tr>\n<tr class=\"row-7\">\n\t<td class=\"column-1\"><b>Vocal 2<\/b><\/td><td class=\"column-2\">Elizabeth Carri\u00f3n<\/td><td class=\"column-3\">Red de turismo comunitario del Austro Pakari\u00f1an, Ecuador<\/td><td class=\"column-4\">elizawxyz1000@gmail.com<a href=\"mailto:elizawxyz1000@gmail.com\"><\/a><\/td>\n<\/tr>\n<tr class=\"row-8\">\n\t<td class=\"column-1\"><b>Vocal 3<\/b><\/td><td class=\"column-2\">Agust\u00edn Ruiz<\/td><td class=\"column-3\">Fondo Oaxaque\u00f1o de Conservaci\u00f3n y Desarrollo, M\u00e9xico<\/td><td class=\"column-4\">agustin.ruiz@fondoax.org<a href=\"mailto:agustin.ruiz@fondoax.org\"><\/a><\/td>\n<\/tr>\n<\/tbody>\n<\/table>\n\t\t\t\t<\/div>\n\t\t\t\t<\/div>\n\t\t<div id=\"e-n-tab-content-1537857362\" role=\"tabpanel\" aria-labelledby=\"e-n-tab-title-1537857362\" data-tab-index=\"2\" style=\"--n-tabs-title-order: 2;\" class=\" elementor-element elementor-element-ba495e3 e-con-full e-flex e-con e-child\" data-id=\"ba495e3\" data-element_type=\"container\">\n\t\t\t\t<div class=\"elementor-element elementor-element-ab4dfd7 elementor-widget elementor-widget-text-editor\" data-id=\"ab4dfd7\" data-element_type=\"widget\" data-widget_type=\"text-editor.default\">\n\t\t\t\t\t\t\t\t\tCountry Coordinators:\t\t\t\t\t\t\t\t<\/div>\n\t\t\t\t<div class=\"elementor-element elementor-element-21ee1bc elementor-widget elementor-widget-tablepress-table\" data-id=\"21ee1bc\" data-element_type=\"widget\" data-widget_type=\"tablepress-table.default\">\n\t\t\t\t\t\n<table id=\"tablepress-4\" class=\"tablepress tablepress-id-4\">\n<thead>\n<tr class=\"row-1\">\n\t<th class=\"column-1\">Name<\/th><th class=\"column-2\">Organization<\/th><th class=\"column-3\">Country<\/th><th class=\"column-4\">Email<\/th>\n<\/tr>\n<\/thead>\n<tbody class=\"row-striping row-hover\">\n<tr class=\"row-2\">\n\t<td class=\"column-1\">Agust\u00edn Ruiz<\/td><td class=\"column-2\">Fondo Oaxaque\u00f1o de Conservaci\u00f3n y Desarrollo, FOCD<\/td><td class=\"column-3\">M\u00e9xico<\/td><td class=\"column-4\">agustin.ruiz@fondoax.org<\/td>\n<\/tr>\n<tr class=\"row-3\">\n\t<td class=\"column-1\">Joel Verde<\/td><td class=\"column-2\">Corozal Bay Adventures <\/td><td class=\"column-3\">Belice<\/td><td class=\"column-4\">ed@sacdbelize.org<\/td>\n<\/tr>\n<tr class=\"row-4\">\n\t<td class=\"column-1\">Marlon Calder\u00f3n<\/td><td class=\"column-2\">Viva Atitl\u00e1n, Tour Operador<\/td><td class=\"column-3\">Guatemala<\/td><td class=\"column-4\">gerencia@vivaatitlan.com<\/td>\n<\/tr>\n<tr class=\"row-5\">\n\t<td class=\"column-1\">Azucena Galicia<\/td><td class=\"column-2\">Agencia de Desarrollo Econ\u00f3mico Local del Dpto. de Sonsonate - ADEL Sonsonate-<\/td><td class=\"column-3\">El Salvador<\/td><td class=\"column-4\">azu.galicia23@gmail.com<\/td>\n<\/tr>\n<tr class=\"row-6\">\n\t<td class=\"column-1\">Efrain Diaz<\/td><td class=\"column-2\">Empresa de Servicios M\u00faltiples Artesanos y Gu\u00edas de El Pino.<\/td><td class=\"column-3\">Honduras<\/td><td class=\"column-4\">e.cuellar.elpino@gmail.com<\/td>\n<\/tr>\n<tr class=\"row-7\">\n\t<td class=\"column-1\">Geraldine Carmona<\/td><td class=\"column-2\">Asociaci\u00f3n Fondo de Promoci\u00f3n y Apoyo Social Comunitario Guanacaste.<\/td><td class=\"column-3\">Costa Rica<\/td><td class=\"column-4\">coordinacion@fondocg.org<br \/>\n<br \/>\n<\/td>\n<\/tr>\n<tr class=\"row-8\">\n\t<td class=\"column-1\">Jacinto Rodr\u00edguez<\/td><td class=\"column-2\">Fundaci\u00f3n Agua y Tierra<\/td><td class=\"column-3\">Panam\u00e1<\/td><td class=\"column-4\">fundatpanama@gmail.com<br \/>\n<br \/>\n<\/td>\n<\/tr>\n<tr class=\"row-9\">\n\t<td class=\"column-1\">Ana M . Jim\u00e9nez Ocampo<\/td><td class=\"column-2\">Fundaci\u00f3n Dapaviva<\/td><td class=\"column-3\">Colombia<\/td><td class=\"column-4\">dapaviva@gmail.com<\/td>\n<\/tr>\n<tr class=\"row-10\">\n\t<td class=\"column-1\">Andrea Almeida<\/td><td class=\"column-2\">Fideicomiso Ecuatoriano de Cooperaci\u00f3n para el Desarrollo FECD<\/td><td class=\"column-3\">Ecuador<\/td><td class=\"column-4\">aalmeida@fecd.org.ec<\/td>\n<\/tr>\n<tr class=\"row-11\">\n\t<td class=\"column-1\">Sonia Sapiencia<\/td><td class=\"column-2\">Centro de Investigaciones de Energ\u00eda y Poblaci\u00f3n (CIEP).<\/td><td class=\"column-3\">Bolivia<\/td><td class=\"column-4\">ssapienciaribera@gmail.com<\/td>\n<\/tr>\n<tr class=\"row-12\">\n\t<td class=\"column-1\">Ruth Delgado<\/td><td class=\"column-2\">Organizaci\u00f3n Paraguaya de Conservaci\u00f3n y Desarrollo Sostenible, OPADES<\/td><td class=\"column-3\">Paraguay<\/td><td class=\"column-4\">direccion.ejecutiva@opades.org.py<\/td>\n<\/tr>\n<tr class=\"row-13\">\n\t<td class=\"column-1\">Ivanderson Campos<\/td><td class=\"column-2\">Instituto Baxiada\/ FORMA\u00c7\u00c3O - Centro de Apoio a educa\u00e7\u00e3o B\u00e1sica.<\/td><td class=\"column-3\">Brasil<\/td><td class=\"column-4\"><\/td>\n<\/tr>\n<\/tbody>\n<\/table>\n\t\t\t\t<\/div>\n\t\t\t\t<\/div>\n\t\t\t\t\t<\/div>\n\t\t<\/div>\n\t\t\t\t\t\t<\/div>\n\t\t\t\t<\/div>\n\t\t\t\t\t<\/div>\n\t\t\t\t<\/div>\n\t\t\t\t<\/div>\n\t\t","protected":false},"excerpt":{"rendered":"<p>ALTUS Governance The organizational structure of ALTUS is composed of the following bodies:i. The General Assembly.ii. The Board of Directors and the Supervisory Board.iii. The Node Coordinators.iv. The representatives of each country. Regional Nodes ALTUS has decided to organize itself on a regional territorial basis as follows: Node A: Mexico Guatemala Belize Node Coordinator: Marlon [&hellip;]<\/p>\n","protected":false},"author":1,"featured_media":0,"parent":0,"menu_order":0,"comment_status":"closed","ping_status":"closed","template":"","meta":{"footnotes":""},"class_list":["post-3368","page","type-page","status-publish","hentry"],"_links":{"self":[{"href":"https:\/\/www.altuslatam.org\/en\/wp-json\/wp\/v2\/pages\/3368","targetHints":{"allow":["GET"]}}],"collection":[{"href":"https:\/\/www.altuslatam.org\/en\/wp-json\/wp\/v2\/pages"}],"about":[{"href":"https:\/\/www.altuslatam.org\/en\/wp-json\/wp\/v2\/types\/page"}],"author":[{"embeddable":true,"href":"https:\/\/www.altuslatam.org\/en\/wp-json\/wp\/v2\/users\/1"}],"replies":[{"embeddable":true,"href":"https:\/\/www.altuslatam.org\/en\/wp-json\/wp\/v2\/comments?post=3368"}],"version-history":[{"count":26,"href":"https:\/\/www.altuslatam.org\/en\/wp-json\/wp\/v2\/pages\/3368\/revisions"}],"predecessor-version":[{"id":4482,"href":"https:\/\/www.altuslatam.org\/en\/wp-json\/wp\/v2\/pages\/3368\/revisions\/4482"}],"wp:attachment":[{"href":"https:\/\/www.altuslatam.org\/en\/wp-json\/wp\/v2\/media?parent=3368"}],"curies":[{"name":"wp","href":"https:\/\/api.w.org\/{rel}","templated":true}]}}